{"id":249,"date":"2019-06-27T04:12:06","date_gmt":"2019-06-27T07:12:06","guid":{"rendered":"http:\/\/morohsoftware.com.br\/wp\/?page_id=249"},"modified":"2019-07-15T12:36:12","modified_gmt":"2019-07-15T15:36:12","slug":"sobre-nos","status":"publish","type":"page","link":"http:\/\/morohsoftware.com.br\/wp\/sobre-nos\/","title":{"rendered":"Sobre nos"},"content":{"rendered":"\t\t<div data-elementor-type=\"wp-post\" data-elementor-id=\"249\" class=\"elementor elementor-249\">\n\t\t\t\t\t\t<div class=\"elementor-inner\">\n\t\t\t\t<div class=\"elementor-section-wrap\">\n\t\t\t\t\t\t\t\t\t<section class=\"elementor-section elementor-top-section elementor-element elementor-element-075837f elementor-section-boxed elementor-section-height-default elementor-section-height-default\" data-id=\"075837f\" data-element_type=\"section\">\n\t\t\t\t\t\t<div class=\"elementor-container elementor-column-gap-default\">\n\t\t\t\t\t\t\t<div class=\"elementor-row\">\n\t\t\t\t\t<div class=\"elementor-column elementor-col-100 elementor-top-column elementor-element elementor-element-1b81566\" data-id=\"1b81566\" data-element_type=\"column\">\n\t\t\t<div class=\"elementor-column-wrap elementor-element-populated\">\n\t\t\t\t\t\t\t<div class=\"elementor-widget-wrap\">\n\t\t\t\t\t\t<div class=\"elementor-element elementor-element-1bda4b3 elementor-widget elementor-widget-heading\" data-id=\"1bda4b3\" data-element_type=\"widget\" data-widget_type=\"heading.default\">\n\t\t\t\t<div class=\"elementor-widget-container\">\n\t\t\t<h2 class=\"elementor-heading-title elementor-size-default\">Sobre a Moroh Software.<\/h2>\t\t<\/div>\n\t\t\t\t<\/div>\n\t\t\t\t\t\t<\/div>\n\t\t\t\t\t<\/div>\n\t\t<\/div>\n\t\t\t\t\t\t\t\t<\/div>\n\t\t\t\t\t<\/div>\n\t\t<\/section>\n\t\t\t\t<section class=\"elementor-section elementor-top-section elementor-element elementor-element-ba0b4a7 elementor-section-boxed elementor-section-height-default elementor-section-height-default\" data-id=\"ba0b4a7\" data-element_type=\"section\">\n\t\t\t\t\t\t<div class=\"elementor-container elementor-column-gap-default\">\n\t\t\t\t\t\t\t<div class=\"elementor-row\">\n\t\t\t\t\t<div class=\"elementor-column elementor-col-100 elementor-top-column elementor-element elementor-element-6343676\" data-id=\"6343676\" data-element_type=\"column\">\n\t\t\t<div class=\"elementor-column-wrap elementor-element-populated\">\n\t\t\t\t\t\t\t<div class=\"elementor-widget-wrap\">\n\t\t\t\t\t\t<div class=\"elementor-element elementor-element-1c88671 elementor-widget elementor-widget-text-editor\" data-id=\"1c88671\" data-element_type=\"widget\" data-widget_type=\"text-editor.default\">\n\t\t\t\t<div class=\"elementor-widget-container\">\n\t\t\t\t\t\t\t\t<div class=\"elementor-text-editor elementor-clearfix\">\n\t\t\t\t<p>A Moroh Software \u00e9 uma empresa com profissionais com larga experi\u00eancia no mercado de sistemas de Gerenciamento e Controle Comercial.<\/p><p>Possu\u00edmos sistemas com mais de 15 anos de mercado, Sempre com o objetivo de reduzir custos e otimizar processos atrav\u00e9s do uso de tecnologias.<\/p><p>Com equipe qualificada e atendimento personalizado, a Moroh Software busca ser l\u00edder em criatividade e efici\u00eancia no mercado de TI. Procurando sempre oferecer um servi\u00e7o especializado, com rapidez, \u00e9tica, seguran\u00e7a e pre\u00e7os competitivos.<\/p>\t\t\t\t\t<\/div>\n\t\t\t\t\t\t<\/div>\n\t\t\t\t<\/div>\n\t\t\t\t\t\t<\/div>\n\t\t\t\t\t<\/div>\n\t\t<\/div>\n\t\t\t\t\t\t\t\t<\/div>\n\t\t\t\t\t<\/div>\n\t\t<\/section>\n\t\t\t\t\t\t\t\t\t<\/div>\n\t\t\t<\/div>\n\t\t\t\t\t<\/div>\n\t\t","protected":false},"excerpt":{"rendered":"<p>Sobre a Moroh Software. A Moroh Software \u00e9 uma empresa com profissionais com larga experi\u00eancia no mercado de sistemas de Gerenciamento e Controle Comercial. Possu\u00edmos sistemas com mais de 15 anos de mercado, Sempre com o objetivo de reduzir custos e otimizar processos atrav\u00e9s do uso de tecnologias. Com equipe qualificada e atendimento personalizado, a [&hellip;]<\/p>\n","protected":false},"author":1,"featured_media":0,"parent":0,"menu_order":0,"comment_status":"closed","ping_status":"closed","template":"","meta":[],"_links":{"self":[{"href":"http:\/\/morohsoftware.com.br\/wp\/wp-json\/wp\/v2\/pages\/249"}],"collection":[{"href":"http:\/\/morohsoftware.com.br\/wp\/wp-json\/wp\/v2\/pages"}],"about":[{"href":"http:\/\/morohsoftware.com.br\/wp\/wp-json\/wp\/v2\/types\/page"}],"author":[{"embeddable":true,"href":"http:\/\/morohsoftware.com.br\/wp\/wp-json\/wp\/v2\/users\/1"}],"replies":[{"embeddable":true,"href":"http:\/\/morohsoftware.com.br\/wp\/wp-json\/wp\/v2\/comments?post=249"}],"version-history":[{"count":11,"href":"http:\/\/morohsoftware.com.br\/wp\/wp-json\/wp\/v2\/pages\/249\/revisions"}],"predecessor-version":[{"id":414,"href":"http:\/\/morohsoftware.com.br\/wp\/wp-json\/wp\/v2\/pages\/249\/revisions\/414"}],"wp:attachment":[{"href":"http:\/\/morohsoftware.com.br\/wp\/wp-json\/wp\/v2\/media?parent=249"}],"curies":[{"name":"wp","href":"https:\/\/api.w.org\/{rel}","templated":true}]}}